{"id":11133,"date":"2018-12-10T03:06:47","date_gmt":"2018-12-10T03:06:47","guid":{"rendered":"https:\/\/old.wycieczki-miastartours.com\/o-nas\/"},"modified":"2025-01-22T18:50:10","modified_gmt":"2025-01-22T18:50:10","slug":"o-nas","status":"publish","type":"page","link":"https:\/\/old.wycieczki-miastartours.com\/pl\/o-nas\/","title":{"rendered":"O nas"},"content":{"rendered":"\t\t<div data-elementor-type=\"wp-page\" data-elementor-id=\"11133\" class=\"elementor elementor-11133 elementor-8028\">\n\t\t\t\t\t\t<section class=\"elementor-section elementor-top-section elementor-element elementor-element-6c6ed360 elementor-section-boxed elementor-section-height-default elementor-section-height-default\" data-id=\"6c6ed360\" data-element_type=\"section\">\n\t\t\t\t\t\t<div class=\"elementor-container elementor-column-gap-default\">\n\t\t\t\t\t<div class=\"elementor-column elementor-col-50 elementor-top-column elementor-element elementor-element-701bbfa8\" data-id=\"701bbfa8\" data-element_type=\"column\">\n\t\t\t<div class=\"elementor-widget-wrap elementor-element-populated\">\n\t\t\t\t\t\t<div class=\"elementor-element elementor-element-2e10f2e1 elementor-widget elementor-widget-image\" data-id=\"2e10f2e1\" data-element_type=\"widget\" data-widget_type=\"image.default\">\n\t\t\t\t<div class=\"elementor-widget-container\">\n\t\t\t\t\t\t\t\t\t\t\t\t\t\t\t<img decoding=\"async\" src=\"https:\/\/via.placeholder.com\/300x200\" title=\"\" alt=\"\" loading=\"lazy\" \/>\t\t\t\t\t\t\t\t\t\t\t\t\t\t\t<\/div>\n\t\t\t\t<\/div>\n\t\t\t\t<div class=\"elementor-element elementor-element-271c1dc4 elementor-widget elementor-widget-heading\" data-id=\"271c1dc4\" data-element_type=\"widget\" data-widget_type=\"heading.default\">\n\t\t\t\t<div class=\"elementor-widget-container\">\n\t\t\t\t\t<h2 class=\"elementor-heading-title elementor-size-default\"><h1>O naszego biura Mia Star Tours<\/h1><\/h2>\t\t\t\t<\/div>\n\t\t\t\t<\/div>\n\t\t\t\t<div class=\"elementor-element elementor-element-23be7e3a elementor-widget elementor-widget-text-editor\" data-id=\"23be7e3a\" data-element_type=\"widget\" data-widget_type=\"text-editor.default\">\n\t\t\t\t<div class=\"elementor-widget-container\">\n\t\t\t\t\t\t\t\t\t<p>Mia Star Tours to licencjonowane biuro wycieczkowe, kt\u00f3re oferuje legalne i profesjonalnie zorganizowane wycieczki fakultatywne na terenie ca\u0142ego Egiptu. Nasza licencja turystyczna nr 721-676-692 potwierdza, \u017ce dzia\u0142amy zgodnie z przepisami, zapewniaj\u0105c najwy\u017csz\u0105 jako\u015b\u0107 us\u0142ug.<\/p><p>Organizujemy wycieczki do takich miejsc jak Hurghada, Marsa Alam, Sharm El-Sheikh czy Kair. Wsp\u00f3\u0142pracujemy wy\u0142\u0105cznie z do\u015bwiadczonymi egipskimi przewodnikami posiadaj\u0105cymi oficjalne uprawnienia. Nasi przewodnicy to prawdziwi pasjonaci, kt\u00f3rzy z zaanga\u017cowaniem przybli\u017caj\u0105 histori\u0119, tradycje oraz archeologi\u0119 Egiptu. Dzi\u0119ki nim ka\u017cda wycieczka staje si\u0119 wyj\u0105tkow\u0105 okazj\u0105 do poznania kultury i dziedzictwa tego fascynuj\u0105cego kraju.<\/p><p>Zapraszamy do wsp\u00f3lnego odkrywania magicznych zak\u0105tk\u00f3w Egiptu. Mia Star Tours to nie tylko doskona\u0142a obs\u0142uga, ale r\u00f3wnie\u017c profesjonalizm w ka\u017cdym szczeg\u00f3le. Oferujemy us\u0142ugi w r\u00f3\u017cnych j\u0119zykach, aby ka\u017cdy turysta m\u00f3g\u0142 czu\u0107 si\u0119 swobodnie.<br \/>Do\u0142\u0105cz do nas i pozw\u00f3l nam pokaza\u0107 pi\u0119kno Egiptu w najlepszy mo\u017cliwy spos\u00f3b!<\/p>\t\t\t\t\t\t\t\t<\/div>\n\t\t\t\t<\/div>\n\t\t\t\t\t<\/div>\n\t\t<\/div>\n\t\t\t\t<div class=\"elementor-column elementor-col-50 elementor-top-column elementor-element elementor-element-35e19c37\" data-id=\"35e19c37\" data-element_type=\"column\">\n\t\t\t<div class=\"elementor-widget-wrap elementor-element-populated\">\n\t\t\t\t\t\t<div class=\"elementor-element elementor-element-7a68534c elementor-widget elementor-widget-image\" data-id=\"7a68534c\" data-element_type=\"widget\" data-widget_type=\"image.default\">\n\t\t\t\t<div class=\"elementor-widget-container\">\n\t\t\t\t\t\t\t\t\t\t\t\t\t\t\t<img decoding=\"async\" src=\"https:\/\/via.placeholder.com\/300x200\" title=\"\" alt=\"\" loading=\"lazy\" \/>\t\t\t\t\t\t\t\t\t\t\t\t\t\t\t<\/div>\n\t\t\t\t<\/div>\n\t\t\t\t<div class=\"elementor-element elementor-element-ed36e58 elementor-widget elementor-widget-image\" data-id=\"ed36e58\" data-element_type=\"widget\" data-widget_type=\"image.default\">\n\t\t\t\t<div class=\"elementor-widget-container\">\n\t\t\t\t\t\t\t\t\t\t\t\t\t\t\t<img fetchpriority=\"high\" decoding=\"async\" width=\"800\" height=\"600\" src=\"https:\/\/old.wycieczki-miastartours.com\/wp-content\/uploads\/2025\/01\/IMG-1035-800x600.webp\" class=\"attachment-medium size-medium wp-image-10616\" alt=\"\" srcset=\"https:\/\/old.wycieczki-miastartours.com\/wp-content\/uploads\/2025\/01\/IMG-1035-800x600.webp 800w, https:\/\/old.wycieczki-miastartours.com\/wp-content\/uploads\/2025\/01\/IMG-1035-1200x900.webp 1200w, https:\/\/old.wycieczki-miastartours.com\/wp-content\/uploads\/2025\/01\/IMG-1035-400x300.webp 400w\" sizes=\"(max-width: 800px) 100vw, 800px\" \/>\t\t\t\t\t\t\t\t\t\t\t\t\t\t\t<\/div>\n\t\t\t\t<\/div>\n\t\t\t\t<div class=\"elementor-element elementor-element-5ed7d2e elementor-widget elementor-widget-heading\" data-id=\"5ed7d2e\" data-element_type=\"widget\" data-widget_type=\"heading.default\">\n\t\t\t\t<div class=\"elementor-widget-container\">\n\t\t\t\t\t<h2 class=\"elementor-heading-title elementor-size-default\">Skontaktuj si\u0119 z nami<\/h2>\t\t\t\t<\/div>\n\t\t\t\t<\/div>\n\t\t\t\t<div class=\"elementor-element elementor-element-35658c1f elementor-widget elementor-widget-text-editor\" data-id=\"35658c1f\" data-element_type=\"widget\" data-widget_type=\"text-editor.default\">\n\t\t\t\t<div class=\"elementor-widget-container\">\n\t\t\t\t\t\t\t\t\t<p>+2-01094996907<br \/>\n<span style=\"color: #000000;\"><a style=\"color: #000000;\" href=\"mailto:info@wycieczki-miastartours.com\">info@wycieczki-miastartours.com<\/a><\/span><span style=\"display: inline-block; width: 0px; overflow: hidden; line-height: 0;\" data-mce-type=\"bookmark\" class=\"mce_SELRES_start\">\ufeff<\/span><\/p>\n\t\t\t\t\t\t\t\t<\/div>\n\t\t\t\t<\/div>\n\t\t\t\t\t<\/div>\n\t\t<\/div>\n\t\t\t\t\t<\/div>\n\t\t<\/section>\n\t\t\t\t<section class=\"elementor-section elementor-top-section elementor-element elementor-element-5c547623 elementor-section-boxed elementor-section-height-default elementor-section-height-default\" data-id=\"5c547623\" data-element_type=\"section\">\n\t\t\t\t\t\t<div class=\"elementor-container elementor-column-gap-default\">\n\t\t\t\t\t<div class=\"elementor-column elementor-col-25 elementor-top-column elementor-element elementor-element-3ef152dc\" data-id=\"3ef152dc\" data-element_type=\"column\">\n\t\t\t<div class=\"elementor-widget-wrap elementor-element-populated\">\n\t\t\t\t\t\t<section class=\"elementor-section elementor-inner-section elementor-element elementor-element-366216f3 elementor-section-boxed elementor-section-height-default elementor-section-height-default\" data-id=\"366216f3\" data-element_type=\"section\">\n\t\t\t\t\t\t<div class=\"elementor-container elementor-column-gap-default\">\n\t\t\t\t\t<div class=\"elementor-column elementor-col-100 elementor-inner-column elementor-element elementor-element-2bc19967\" data-id=\"2bc19967\" data-element_type=\"column\">\n\t\t\t<div class=\"elementor-widget-wrap elementor-element-populated\">\n\t\t\t\t\t\t<div class=\"elementor-element elementor-element-43fa7afb elementor-widget elementor-widget-heading\" data-id=\"43fa7afb\" data-element_type=\"widget\" data-widget_type=\"heading.default\">\n\t\t\t\t<div class=\"elementor-widget-container\">\n\t\t\t\t\t<h2 class=\"elementor-heading-title elementor-size-default\">100+<\/h2>\t\t\t\t<\/div>\n\t\t\t\t<\/div>\n\t\t\t\t<div class=\"elementor-element elementor-element-2b911cf8 elementor-widget elementor-widget-heading\" data-id=\"2b911cf8\" data-element_type=\"widget\" data-widget_type=\"heading.default\">\n\t\t\t\t<div class=\"elementor-widget-container\">\n\t\t\t\t\t<h2 class=\"elementor-heading-title elementor-size-default\">partner<\/h2>\t\t\t\t<\/div>\n\t\t\t\t<\/div>\n\t\t\t\t\t<\/div>\n\t\t<\/div>\n\t\t\t\t\t<\/div>\n\t\t<\/section>\n\t\t\t\t\t<\/div>\n\t\t<\/div>\n\t\t\t\t<div class=\"elementor-column elementor-col-25 elementor-top-column elementor-element elementor-element-525fa9b3\" data-id=\"525fa9b3\" data-element_type=\"column\">\n\t\t\t<div class=\"elementor-widget-wrap elementor-element-populated\">\n\t\t\t\t\t\t<section class=\"elementor-section elementor-inner-section elementor-element elementor-element-5d82d0bd elementor-section-boxed elementor-section-height-default elementor-section-height-default\" data-id=\"5d82d0bd\" data-element_type=\"section\">\n\t\t\t\t\t\t<div class=\"elementor-container elementor-column-gap-default\">\n\t\t\t\t\t<div class=\"elementor-column elementor-col-100 elementor-inner-column elementor-element elementor-element-720d4e35\" data-id=\"720d4e35\" data-element_type=\"column\">\n\t\t\t<div class=\"elementor-widget-wrap elementor-element-populated\">\n\t\t\t\t\t\t<div class=\"elementor-element elementor-element-60d5af97 elementor-widget elementor-widget-heading\" data-id=\"60d5af97\" data-element_type=\"widget\" data-widget_type=\"heading.default\">\n\t\t\t\t<div class=\"elementor-widget-container\">\n\t\t\t\t\t<h2 class=\"elementor-heading-title elementor-size-default\">2K+<\/h2>\t\t\t\t<\/div>\n\t\t\t\t<\/div>\n\t\t\t\t<div class=\"elementor-element elementor-element-e4763e1 elementor-widget elementor-widget-heading\" data-id=\"e4763e1\" data-element_type=\"widget\" data-widget_type=\"heading.default\">\n\t\t\t\t<div class=\"elementor-widget-container\">\n\t\t\t\t\t<h2 class=\"elementor-heading-title elementor-size-default\">W\u0142a\u015bciwo\u015bci<\/h2>\t\t\t\t<\/div>\n\t\t\t\t<\/div>\n\t\t\t\t\t<\/div>\n\t\t<\/div>\n\t\t\t\t\t<\/div>\n\t\t<\/section>\n\t\t\t\t\t<\/div>\n\t\t<\/div>\n\t\t\t\t<div class=\"elementor-column elementor-col-25 elementor-top-column elementor-element elementor-element-351f321f\" data-id=\"351f321f\" data-element_type=\"column\">\n\t\t\t<div class=\"elementor-widget-wrap elementor-element-populated\">\n\t\t\t\t\t\t<section class=\"elementor-section elementor-inner-section elementor-element elementor-element-3a25799a elementor-section-boxed elementor-section-height-default elementor-section-height-default\" data-id=\"3a25799a\" data-element_type=\"section\">\n\t\t\t\t\t\t<div class=\"elementor-container elementor-column-gap-default\">\n\t\t\t\t\t<div class=\"elementor-column elementor-col-100 elementor-inner-column elementor-element elementor-element-ad8dbfa\" data-id=\"ad8dbfa\" data-element_type=\"column\">\n\t\t\t<div class=\"elementor-widget-wrap elementor-element-populated\">\n\t\t\t\t\t\t<div class=\"elementor-element elementor-element-2fabb45a elementor-widget elementor-widget-heading\" data-id=\"2fabb45a\" data-element_type=\"widget\" data-widget_type=\"heading.default\">\n\t\t\t\t<div class=\"elementor-widget-container\">\n\t\t\t\t\t<h2 class=\"elementor-heading-title elementor-size-default\">300+<\/h2>\t\t\t\t<\/div>\n\t\t\t\t<\/div>\n\t\t\t\t<div class=\"elementor-element elementor-element-595a5065 elementor-widget elementor-widget-heading\" data-id=\"595a5065\" data-element_type=\"widget\" data-widget_type=\"heading.default\">\n\t\t\t\t<div class=\"elementor-widget-container\">\n\t\t\t\t\t<h2 class=\"elementor-heading-title elementor-size-default\">miejsca docelowe<\/h2>\t\t\t\t<\/div>\n\t\t\t\t<\/div>\n\t\t\t\t\t<\/div>\n\t\t<\/div>\n\t\t\t\t\t<\/div>\n\t\t<\/section>\n\t\t\t\t\t<\/div>\n\t\t<\/div>\n\t\t\t\t<div class=\"elementor-column elementor-col-25 elementor-top-column elementor-element elementor-element-75e561fe\" data-id=\"75e561fe\" data-element_type=\"column\">\n\t\t\t<div class=\"elementor-widget-wrap elementor-element-populated\">\n\t\t\t\t\t\t<section class=\"elementor-section elementor-inner-section elementor-element elementor-element-23a3b4b6 elementor-section-boxed elementor-section-height-default elementor-section-height-default\" data-id=\"23a3b4b6\" data-element_type=\"section\">\n\t\t\t\t\t\t<div class=\"elementor-container elementor-column-gap-default\">\n\t\t\t\t\t<div class=\"elementor-column elementor-col-100 elementor-inner-column elementor-element elementor-element-4380848a\" data-id=\"4380848a\" data-element_type=\"column\">\n\t\t\t<div class=\"elementor-widget-wrap elementor-element-populated\">\n\t\t\t\t\t\t<div class=\"elementor-element elementor-element-5695d8a5 elementor-widget elementor-widget-heading\" data-id=\"5695d8a5\" data-element_type=\"widget\" data-widget_type=\"heading.default\">\n\t\t\t\t<div class=\"elementor-widget-container\">\n\t\t\t\t\t<h2 class=\"elementor-heading-title elementor-size-default\">40K+<\/h2>\t\t\t\t<\/div>\n\t\t\t\t<\/div>\n\t\t\t\t<div class=\"elementor-element elementor-element-524e7722 elementor-widget elementor-widget-heading\" data-id=\"524e7722\" data-element_type=\"widget\" data-widget_type=\"heading.default\">\n\t\t\t\t<div class=\"elementor-widget-container\">\n\t\t\t\t\t<h2 class=\"elementor-heading-title elementor-size-default\">rezerwacja<\/h2>\t\t\t\t<\/div>\n\t\t\t\t<\/div>\n\t\t\t\t\t<\/div>\n\t\t<\/div>\n\t\t\t\t\t<\/div>\n\t\t<\/section>\n\t\t\t\t\t<\/div>\n\t\t<\/div>\n\t\t\t\t\t<\/div>\n\t\t<\/section>\n\t\t\t\t<\/div>\n\t\t","protected":false},"excerpt":{"rendered":"<p>O naszego biura Mia Star Tours Mia Star Tours to licencjonowane biuro wycieczkowe, kt\u00f3re oferuje legalne i profesjonalnie zorganizowane wycieczki fakultatywne na terenie ca\u0142ego Egiptu. Nasza licencja turystyczna nr 721-676-692 potwierdza, \u017ce dzia\u0142amy zgodnie z przepisami, zapewniaj\u0105c najwy\u017csz\u0105 jako\u015b\u0107 us\u0142ug. Organizujemy wycieczki do takich miejsc jak Hurghada, Marsa Alam, Sharm El-Sheikh czy Kair. Wsp\u00f3\u0142pracujemy wy\u0142\u0105cznie [&hellip;]<\/p>\n","protected":false},"author":1,"featured_media":10530,"parent":0,"menu_order":0,"comment_status":"closed","ping_status":"closed","template":"template-home.php","meta":{"footnotes":""},"class_list":["post-11133","page","type-page","status-publish","has-post-thumbnail","hentry"],"_links":{"self":[{"href":"https:\/\/old.wycieczki-miastartours.com\/pl\/wp-json\/wp\/v2\/pages\/11133","targetHints":{"allow":["GET"]}}],"collection":[{"href":"https:\/\/old.wycieczki-miastartours.com\/pl\/wp-json\/wp\/v2\/pages"}],"about":[{"href":"https:\/\/old.wycieczki-miastartours.com\/pl\/wp-json\/wp\/v2\/types\/page"}],"author":[{"embeddable":true,"href":"https:\/\/old.wycieczki-miastartours.com\/pl\/wp-json\/wp\/v2\/users\/1"}],"replies":[{"embeddable":true,"href":"https:\/\/old.wycieczki-miastartours.com\/pl\/wp-json\/wp\/v2\/comments?post=11133"}],"version-history":[{"count":4,"href":"https:\/\/old.wycieczki-miastartours.com\/pl\/wp-json\/wp\/v2\/pages\/11133\/revisions"}],"predecessor-version":[{"id":11467,"href":"https:\/\/old.wycieczki-miastartours.com\/pl\/wp-json\/wp\/v2\/pages\/11133\/revisions\/11467"}],"wp:featuredmedia":[{"embeddable":true,"href":"https:\/\/old.wycieczki-miastartours.com\/pl\/wp-json\/wp\/v2\/media\/10530"}],"wp:attachment":[{"href":"https:\/\/old.wycieczki-miastartours.com\/pl\/wp-json\/wp\/v2\/media?parent=11133"}],"curies":[{"name":"wp","href":"https:\/\/api.w.org\/{rel}","templated":true}]}}