{"id":11396,"date":"2023-02-16T15:46:44","date_gmt":"2023-02-16T15:46:44","guid":{"rendered":"https:\/\/old.wycieczki-miastartours.com\/?page_id=11396"},"modified":"2025-01-22T18:24:00","modified_gmt":"2025-01-22T18:24:00","slug":"hurghada","status":"publish","type":"page","link":"https:\/\/old.wycieczki-miastartours.com\/pl\/hurghada\/","title":{"rendered":"Hurghada"},"content":{"rendered":"\t\t<div data-elementor-type=\"wp-page\" data-elementor-id=\"11396\" class=\"elementor elementor-11396 elementor-1091\">\n\t\t\t\t<div class=\"elementor-element elementor-element-4594d99 e-flex e-con-boxed e-con e-parent\" data-id=\"4594d99\" data-element_type=\"container\">\n\t\t\t\t\t<div class=\"e-con-inner\">\n\t\t\t\t<div class=\"elementor-element elementor-element-956df55 elementor-widget elementor-widget-heading\" data-id=\"956df55\" data-element_type=\"widget\" data-widget_type=\"heading.default\">\n\t\t\t\t<div class=\"elementor-widget-container\">\n\t\t\t\t\t<h2 class=\"elementor-heading-title elementor-size-default\">Hurghada Tours<\/h2>\t\t\t\t<\/div>\n\t\t\t\t<\/div>\n\t\t\t\t\t<\/div>\n\t\t\t\t<\/div>\n\t\t<div class=\"elementor-element elementor-element-93b48d1 e-flex e-con-boxed e-con e-parent\" data-id=\"93b48d1\" data-element_type=\"container\">\n\t\t\t\t\t<div class=\"e-con-inner\">\n\t\t<div class=\"elementor-element elementor-element-3cb3b96 e-con-full e-flex e-con e-child\" data-id=\"3cb3b96\" data-element_type=\"container\">\n\t\t\t\t<div class=\"elementor-element elementor-element-f9d6da8 elementor-widget elementor-widget-heading\" data-id=\"f9d6da8\" data-element_type=\"widget\" data-widget_type=\"heading.default\">\n\t\t\t\t<div class=\"elementor-widget-container\">\n\t\t\t\t\t<h4 class=\"elementor-heading-title elementor-size-default\"><a href=\"https:\/\/old.wycieczki-miastartours.com\/pl\/hurghada-wycieczki-morskie\/\">Wycieczki morskie\n &nbsp; &nbsp; &nbsp; &nbsp; &nbsp; &nbsp; &nbsp; Czytaj wi\u0119cej<\/a><\/h4>\t\t\t\t<\/div>\n\t\t\t\t<\/div>\n\t\t\t\t<div class=\"elementor-element elementor-element-8c0641c elementor-widget elementor-widget-image\" data-id=\"8c0641c\" data-element_type=\"widget\" data-widget_type=\"image.default\">\n\t\t\t\t<div class=\"elementor-widget-container\">\n\t\t\t\t\t\t\t\t\t\t\t\t\t\t\t\t<a href=\"https:\/\/old.wycieczki-miastartours.com\/pl\/hurghada-wycieczki-morskie\/\">\n\t\t\t\t\t\t\t<img fetchpriority=\"high\" decoding=\"async\" width=\"768\" height=\"512\" src=\"https:\/\/old.wycieczki-miastartours.com\/wp-content\/uploads\/2025\/01\/IMG-1043-768x512.webp\" class=\"attachment-medium_large size-medium_large wp-image-10628\" alt=\"\" srcset=\"https:\/\/old.wycieczki-miastartours.com\/wp-content\/uploads\/2025\/01\/IMG-1043-768x512.webp 768w, https:\/\/old.wycieczki-miastartours.com\/wp-content\/uploads\/2025\/01\/IMG-1043.webp 600w\" sizes=\"(max-width: 768px) 100vw, 768px\" \/>\t\t\t\t\t\t\t\t<\/a>\n\t\t\t\t\t\t\t\t\t\t\t\t\t\t\t<\/div>\n\t\t\t\t<\/div>\n\t\t\t\t<\/div>\n\t\t<div class=\"elementor-element elementor-element-366765b e-con-full e-flex e-con e-child\" data-id=\"366765b\" data-element_type=\"container\">\n\t\t\t\t<div class=\"elementor-element elementor-element-12d72e7 elementor-widget elementor-widget-image\" data-id=\"12d72e7\" data-element_type=\"widget\" data-widget_type=\"image.default\">\n\t\t\t\t<div class=\"elementor-widget-container\">\n\t\t\t\t\t\t\t\t\t\t\t\t\t\t\t\t<a href=\"https:\/\/old.wycieczki-miastartours.com\/pl\/hurghada-archaeological-trips\/\">\n\t\t\t\t\t\t\t<img decoding=\"async\" width=\"768\" height=\"512\" src=\"https:\/\/old.wycieczki-miastartours.com\/wp-content\/uploads\/2025\/01\/IMG-1187-768x512.webp\" class=\"attachment-medium_large size-medium_large wp-image-10497\" alt=\"\" srcset=\"https:\/\/old.wycieczki-miastartours.com\/wp-content\/uploads\/2025\/01\/IMG-1187-768x512.webp 768w, https:\/\/old.wycieczki-miastartours.com\/wp-content\/uploads\/2025\/01\/IMG-1187.webp 600w\" sizes=\"(max-width: 768px) 100vw, 768px\" \/>\t\t\t\t\t\t\t\t<\/a>\n\t\t\t\t\t\t\t\t\t\t\t\t\t\t\t<\/div>\n\t\t\t\t<\/div>\n\t\t\t\t<div class=\"elementor-element elementor-element-fcde272 elementor-widget elementor-widget-heading\" data-id=\"fcde272\" data-element_type=\"widget\" data-widget_type=\"heading.default\">\n\t\t\t\t<div class=\"elementor-widget-container\">\n\t\t\t\t\t<h4 class=\"elementor-heading-title elementor-size-default\"><a href=\"https:\/\/old.wycieczki-miastartours.com\/pl\/hurghada-archaeological-trips\/\">Wycieczki archeologiczne&nbsp; &nbsp; Czytaj wi\u0119cej<\/a><\/h4>\t\t\t\t<\/div>\n\t\t\t\t<\/div>\n\t\t\t\t<\/div>\n\t\t<div class=\"elementor-element elementor-element-ac1ec33 e-con-full e-flex e-con e-child\" data-id=\"ac1ec33\" data-element_type=\"container\">\n\t\t\t\t<div class=\"elementor-element elementor-element-fdd97b8 elementor-widget elementor-widget-image\" data-id=\"fdd97b8\" data-element_type=\"widget\" data-widget_type=\"image.default\">\n\t\t\t\t<div class=\"elementor-widget-container\">\n\t\t\t\t\t\t\t\t\t\t\t\t\t\t\t\t<a href=\"https:\/\/old.wycieczki-miastartours.com\/pl\/safari-w-hurghadzie-i-quady\/\">\n\t\t\t\t\t\t\t<img decoding=\"async\" width=\"768\" height=\"512\" src=\"https:\/\/old.wycieczki-miastartours.com\/wp-content\/uploads\/2025\/01\/da990ca6-67c0-4d58-9675-99412fa98ba4-768x512.webp\" class=\"attachment-medium_large size-medium_large wp-image-10433\" alt=\"\" srcset=\"https:\/\/old.wycieczki-miastartours.com\/wp-content\/uploads\/2025\/01\/da990ca6-67c0-4d58-9675-99412fa98ba4-768x512.webp 768w, https:\/\/old.wycieczki-miastartours.com\/wp-content\/uploads\/2025\/01\/da990ca6-67c0-4d58-9675-99412fa98ba4.webp 600w\" sizes=\"(max-width: 768px) 100vw, 768px\" \/>\t\t\t\t\t\t\t\t<\/a>\n\t\t\t\t\t\t\t\t\t\t\t\t\t\t\t<\/div>\n\t\t\t\t<\/div>\n\t\t\t\t<div class=\"elementor-element elementor-element-eab6de2 elementor-widget elementor-widget-heading\" data-id=\"eab6de2\" data-element_type=\"widget\" data-widget_type=\"heading.default\">\n\t\t\t\t<div class=\"elementor-widget-container\">\n\t\t\t\t\t<h4 class=\"elementor-heading-title elementor-size-default\"><a href=\"https:\/\/old.wycieczki-miastartours.com\/pl\/safari-w-hurghadzie-i-quady\/\"> Safari i quady, wycieczki konne i na wielb\u0142\u0105dach            &nbsp; Czytaj wi\u0119cej<\/a><\/h4>\t\t\t\t<\/div>\n\t\t\t\t<\/div>\n\t\t\t\t<\/div>\n\t\t<div class=\"elementor-element elementor-element-5080146 e-con-full e-flex e-con e-child\" data-id=\"5080146\" data-element_type=\"container\">\n\t\t\t\t<div class=\"elementor-element elementor-element-141c145 elementor-widget elementor-widget-image\" data-id=\"141c145\" data-element_type=\"widget\" data-widget_type=\"image.default\">\n\t\t\t\t<div class=\"elementor-widget-container\">\n\t\t\t\t\t\t\t\t\t\t\t\t\t\t\t\t<a href=\"https:\/\/old.wycieczki-miastartours.com\/pl\/wycieczki-rodzinne-do-hurghady\/\">\n\t\t\t\t\t\t\t<img loading=\"lazy\" decoding=\"async\" width=\"768\" height=\"512\" src=\"https:\/\/old.wycieczki-miastartours.com\/wp-content\/uploads\/2025\/01\/IMG-0970-768x512.webp\" class=\"attachment-medium_large size-medium_large wp-image-10484\" alt=\"\" srcset=\"https:\/\/old.wycieczki-miastartours.com\/wp-content\/uploads\/2025\/01\/IMG-0970-768x512.webp 768w, https:\/\/old.wycieczki-miastartours.com\/wp-content\/uploads\/2025\/01\/IMG-0970.webp 600w\" sizes=\"(max-width: 768px) 100vw, 768px\" \/>\t\t\t\t\t\t\t\t<\/a>\n\t\t\t\t\t\t\t\t\t\t\t\t\t\t\t<\/div>\n\t\t\t\t<\/div>\n\t\t\t\t<div class=\"elementor-element elementor-element-50f028b elementor-widget elementor-widget-heading\" data-id=\"50f028b\" data-element_type=\"widget\" data-widget_type=\"heading.default\">\n\t\t\t\t<div class=\"elementor-widget-container\">\n\t\t\t\t\t<h4 class=\"elementor-heading-title elementor-size-default\"><a href=\"https:\/\/old.wycieczki-miastartours.com\/pl\/wycieczki-rodzinne-do-hurghady\/\">Wycieczki rodzinne\n&nbsp; &nbsp; &nbsp; &nbsp; &nbsp; &nbsp; Czytaj wi\u0119cej<\/a><\/h4>\t\t\t\t<\/div>\n\t\t\t\t<\/div>\n\t\t\t\t<\/div>\n\t\t<div class=\"elementor-element elementor-element-32c58c1 e-con-full e-flex e-con e-child\" data-id=\"32c58c1\" data-element_type=\"container\">\n\t\t\t\t<div class=\"elementor-element elementor-element-6863ec6 elementor-widget elementor-widget-heading\" data-id=\"6863ec6\" data-element_type=\"widget\" data-widget_type=\"heading.default\">\n\t\t\t\t<div class=\"elementor-widget-container\">\n\t\t\t\t\t<h4 class=\"elementor-heading-title elementor-size-default\"><a href=\"https:\/\/old.wycieczki-miastartours.com\/pl\/hurghada-masaz-i-hammam\/\">Masa\u017c i Hammam\n &nbsp; &nbsp; &nbsp; &nbsp; &nbsp; Czytaj wi\u0119cej<\/a><\/h4>\t\t\t\t<\/div>\n\t\t\t\t<\/div>\n\t\t\t\t<div class=\"elementor-element elementor-element-0735a4f elementor-widget elementor-widget-image\" data-id=\"0735a4f\" data-element_type=\"widget\" data-widget_type=\"image.default\">\n\t\t\t\t<div class=\"elementor-widget-container\">\n\t\t\t\t\t\t\t\t\t\t\t\t\t\t\t\t<a href=\"https:\/\/old.wycieczki-miastartours.com\/pl\/hurghada-masaz-i-hammam\/\">\n\t\t\t\t\t\t\t<img loading=\"lazy\" decoding=\"async\" width=\"768\" height=\"512\" src=\"https:\/\/old.wycieczki-miastartours.com\/wp-content\/uploads\/2025\/01\/b5fe43a7-edd9-4c80-ae8d-ba6979999e9c-768x512.webp\" class=\"attachment-medium_large size-medium_large wp-image-10806\" alt=\"\" srcset=\"https:\/\/old.wycieczki-miastartours.com\/wp-content\/uploads\/2025\/01\/b5fe43a7-edd9-4c80-ae8d-ba6979999e9c-768x512.webp 768w, https:\/\/old.wycieczki-miastartours.com\/wp-content\/uploads\/2025\/01\/b5fe43a7-edd9-4c80-ae8d-ba6979999e9c.webp 600w\" sizes=\"(max-width: 768px) 100vw, 768px\" \/>\t\t\t\t\t\t\t\t<\/a>\n\t\t\t\t\t\t\t\t\t\t\t\t\t\t\t<\/div>\n\t\t\t\t<\/div>\n\t\t\t\t<\/div>\n\t\t<div class=\"elementor-element elementor-element-9342a66 e-con-full e-flex e-con e-child\" data-id=\"9342a66\" data-element_type=\"container\">\n\t\t\t\t<div class=\"elementor-element elementor-element-b8b523b elementor-widget elementor-widget-image\" data-id=\"b8b523b\" data-element_type=\"widget\" data-widget_type=\"image.default\">\n\t\t\t\t<div class=\"elementor-widget-container\">\n\t\t\t\t\t\t\t\t\t\t\t\t\t\t\t\t<a href=\"https:\/\/old.wycieczki-miastartours.com\/pl\/wycieczki-nurkowe-w-hurghadzie\/\">\n\t\t\t\t\t\t\t<img loading=\"lazy\" decoding=\"async\" width=\"768\" height=\"512\" src=\"https:\/\/old.wycieczki-miastartours.com\/wp-content\/uploads\/2025\/01\/5e55c31c-9610-446b-8e2b-064c1015bad9-768x512.webp\" class=\"attachment-medium_large size-medium_large wp-image-10759\" alt=\"\" srcset=\"https:\/\/old.wycieczki-miastartours.com\/wp-content\/uploads\/2025\/01\/5e55c31c-9610-446b-8e2b-064c1015bad9-768x512.webp 768w, https:\/\/old.wycieczki-miastartours.com\/wp-content\/uploads\/2025\/01\/5e55c31c-9610-446b-8e2b-064c1015bad9.webp 600w\" sizes=\"(max-width: 768px) 100vw, 768px\" \/>\t\t\t\t\t\t\t\t<\/a>\n\t\t\t\t\t\t\t\t\t\t\t\t\t\t\t<\/div>\n\t\t\t\t<\/div>\n\t\t\t\t<div class=\"elementor-element elementor-element-6a71544 elementor-widget elementor-widget-heading\" data-id=\"6a71544\" data-element_type=\"widget\" data-widget_type=\"heading.default\">\n\t\t\t\t<div class=\"elementor-widget-container\">\n\t\t\t\t\t<h4 class=\"elementor-heading-title elementor-size-default\"><a href=\"https:\/\/old.wycieczki-miastartours.com\/pl\/wycieczki-nurkowe-w-hurghadzie\/\">Wycieczki nurkowe &nbsp; &nbsp; &nbsp; &nbsp; &nbsp; &nbsp; &nbsp; &nbsp; Czytaj wi\u0119cej<\/a><\/h4>\t\t\t\t<\/div>\n\t\t\t\t<\/div>\n\t\t\t\t<\/div>\n\t\t\t\t\t<\/div>\n\t\t\t\t<\/div>\n\t\t<div class=\"elementor-element elementor-element-6e77f16 e-flex e-con-boxed e-con e-parent\" data-id=\"6e77f16\" data-element_type=\"container\">\n\t\t\t\t\t<div class=\"e-con-inner\">\n\t\t<div class=\"elementor-element elementor-element-d4c8545 e-con-full e-flex e-con e-child\" data-id=\"d4c8545\" data-element_type=\"container\">\n\t\t\t\t<\/div>\n\t\t<div class=\"elementor-element elementor-element-085bec8 e-con-full e-flex e-con e-child\" data-id=\"085bec8\" data-element_type=\"container\">\n\t\t\t\t<div class=\"elementor-element elementor-element-50d26c0 elementor-widget elementor-widget-image\" data-id=\"50d26c0\" data-element_type=\"widget\" data-widget_type=\"image.default\">\n\t\t\t\t<div class=\"elementor-widget-container\">\n\t\t\t\t\t\t\t\t\t\t\t\t\t\t\t\t<a href=\"https:\/\/old.wycieczki-miastartours.com\/pl\/hurghada-private-trips\/\">\n\t\t\t\t\t\t\t<img loading=\"lazy\" decoding=\"async\" width=\"768\" height=\"512\" src=\"https:\/\/old.wycieczki-miastartours.com\/wp-content\/uploads\/2025\/01\/IMG-0519-768x512.webp\" class=\"attachment-medium_large size-medium_large wp-image-10556\" alt=\"\" srcset=\"https:\/\/old.wycieczki-miastartours.com\/wp-content\/uploads\/2025\/01\/IMG-0519-768x512.webp 768w, https:\/\/old.wycieczki-miastartours.com\/wp-content\/uploads\/2025\/01\/IMG-0519.webp 600w\" sizes=\"(max-width: 768px) 100vw, 768px\" \/>\t\t\t\t\t\t\t\t<\/a>\n\t\t\t\t\t\t\t\t\t\t\t\t\t\t\t<\/div>\n\t\t\t\t<\/div>\n\t\t\t\t<div class=\"elementor-element elementor-element-0b255b6 elementor-widget elementor-widget-heading\" data-id=\"0b255b6\" data-element_type=\"widget\" data-widget_type=\"heading.default\">\n\t\t\t\t<div class=\"elementor-widget-container\">\n\t\t\t\t\t<h4 class=\"elementor-heading-title elementor-size-default\"><a href=\"https:\/\/old.wycieczki-miastartours.com\/pl\/hurghada-private-trips\/\">Prywatne wycieczki\n &nbsp; &nbsp; &nbsp; &nbsp; &nbsp; &nbsp; &nbsp; Czytaj wi\u0119cej<\/a><\/h4>\t\t\t\t<\/div>\n\t\t\t\t<\/div>\n\t\t\t\t<\/div>\n\t\t<div class=\"elementor-element elementor-element-e66a74e e-con-full e-flex e-con e-child\" data-id=\"e66a74e\" data-element_type=\"container\">\n\t\t\t\t<\/div>\n\t\t<div class=\"elementor-element elementor-element-9d9ae8f e-con-full e-flex e-con e-child\" data-id=\"9d9ae8f\" data-element_type=\"container\">\n\t\t\t\t<\/div>\n\t\t<div class=\"elementor-element elementor-element-07c8371 e-con-full e-flex e-con e-child\" data-id=\"07c8371\" data-element_type=\"container\">\n\t\t\t\t<\/div>\n\t\t<div class=\"elementor-element elementor-element-eb14cf1 e-con-full e-flex e-con e-child\" data-id=\"eb14cf1\" data-element_type=\"container\">\n\t\t\t\t<\/div>\n\t\t\t\t\t<\/div>\n\t\t\t\t<\/div>\n\t\t\t\t<\/div>\n\t\t","protected":false},"excerpt":{"rendered":"<p>Hurghada Tours Wycieczki morskie &nbsp; &nbsp; &nbsp; &nbsp; &nbsp; &nbsp; &nbsp; Czytaj wi\u0119cej Wycieczki archeologiczne&nbsp; &nbsp; Czytaj wi\u0119cej Safari i quady, wycieczki konne i na wielb\u0142\u0105dach &nbsp; Czytaj wi\u0119cej Wycieczki rodzinne &nbsp; &nbsp; &nbsp; &nbsp; &nbsp; &nbsp; Czytaj wi\u0119cej Masa\u017c i Hammam &nbsp; &nbsp; &nbsp; &nbsp; &nbsp; Czytaj wi\u0119cej Wycieczki nurkowe &nbsp; &nbsp; &nbsp; &nbsp; [&hellip;]<\/p>\n","protected":false},"author":1,"featured_media":10610,"parent":0,"menu_order":0,"comment_status":"closed","ping_status":"closed","template":"template-home.php","meta":{"footnotes":""},"class_list":["post-11396","page","type-page","status-publish","has-post-thumbnail","hentry"],"_links":{"self":[{"href":"https:\/\/old.wycieczki-miastartours.com\/pl\/wp-json\/wp\/v2\/pages\/11396","targetHints":{"allow":["GET"]}}],"collection":[{"href":"https:\/\/old.wycieczki-miastartours.com\/pl\/wp-json\/wp\/v2\/pages"}],"about":[{"href":"https:\/\/old.wycieczki-miastartours.com\/pl\/wp-json\/wp\/v2\/types\/page"}],"author":[{"embeddable":true,"href":"https:\/\/old.wycieczki-miastartours.com\/pl\/wp-json\/wp\/v2\/users\/1"}],"replies":[{"embeddable":true,"href":"https:\/\/old.wycieczki-miastartours.com\/pl\/wp-json\/wp\/v2\/comments?post=11396"}],"version-history":[{"count":19,"href":"https:\/\/old.wycieczki-miastartours.com\/pl\/wp-json\/wp\/v2\/pages\/11396\/revisions"}],"predecessor-version":[{"id":11458,"href":"https:\/\/old.wycieczki-miastartours.com\/pl\/wp-json\/wp\/v2\/pages\/11396\/revisions\/11458"}],"wp:featuredmedia":[{"embeddable":true,"href":"https:\/\/old.wycieczki-miastartours.com\/pl\/wp-json\/wp\/v2\/media\/10610"}],"wp:attachment":[{"href":"https:\/\/old.wycieczki-miastartours.com\/pl\/wp-json\/wp\/v2\/media?parent=11396"}],"curies":[{"name":"wp","href":"https:\/\/api.w.org\/{rel}","templated":true}]}}