{"id":11420,"date":"2025-01-19T11:18:40","date_gmt":"2025-01-19T11:18:40","guid":{"rendered":"https:\/\/old.wycieczki-miastartours.com\/?page_id=11420"},"modified":"2025-01-19T11:26:58","modified_gmt":"2025-01-19T11:26:58","slug":"hurghada-private-trips","status":"publish","type":"page","link":"https:\/\/old.wycieczki-miastartours.com\/pl\/hurghada-private-trips\/","title":{"rendered":"Hurghada Private Trips"},"content":{"rendered":"\t\t<div data-elementor-type=\"wp-page\" data-elementor-id=\"11420\" class=\"elementor elementor-11420 elementor-11409\">\n\t\t\t\t<div class=\"elementor-element elementor-element-37637fc e-flex e-con-boxed e-con e-parent\" data-id=\"37637fc\" data-element_type=\"container\">\n\t\t\t\t\t<div class=\"e-con-inner\">\n\t\t\t\t<div class=\"elementor-element elementor-element-a764b15 elementor-widget elementor-widget-heading\" data-id=\"a764b15\" data-element_type=\"widget\" data-widget_type=\"heading.default\">\n\t\t\t\t<div class=\"elementor-widget-container\">\n\t\t\t\t\t<h2 class=\"elementor-heading-title elementor-size-default\">Hurghada Prywatne Wycieczki\n<\/h2>\t\t\t\t<\/div>\n\t\t\t\t<\/div>\n\t\t\t\t\t<\/div>\n\t\t\t\t<\/div>\n\t\t<div class=\"elementor-element elementor-element-0498b27 e-flex e-con-boxed e-con e-parent\" data-id=\"0498b27\" data-element_type=\"container\">\n\t\t\t\t\t<div class=\"e-con-inner\">\n\t\t\t\t<div class=\"elementor-element elementor-element-f6e51f8 elementor-widget elementor-widget-st_list_service\" data-id=\"f6e51f8\" data-element_type=\"widget\" data-settings=\"{&quot;type_form&quot;:&quot;single&quot;,&quot;order&quot;:&quot;ASC&quot;,&quot;item_row&quot;:&quot;3&quot;}\" data-widget_type=\"st_list_service.default\">\n\t\t\t\t<div class=\"elementor-widget-container\">\n\t\t\t\t\t    <div class=\"st-list-service grid style_1 style_3\"     >\r\n        <div class=\"service-list-wrapper service-tour\"><div class=\"row\"><div class=\"col-12 col-sm-12 col-md-6 col-lg-6 col-xl-4\">\r\n<div class=\"services-item item-elementor grid-2\" itemscope itemtype=\"https:\/\/schema.org\/Trip\">\r\n    <div class=\"item service-border st-border-radius\">\r\n        <div class=\"featured-image\">\r\n            <a href=\"https:\/\/old.wycieczki-miastartours.com\/pl\/tours\/quady-vip-prywatne\/\">\r\n            <img fetchpriority=\"high\" decoding=\"async\" width=\"450\" height=\"300\" src=\"https:\/\/old.wycieczki-miastartours.com\/wp-content\/uploads\/2025\/01\/1f04657f-3d87-4674-be45-63c20eff11b1-450x300.webp\" class=\"img-responsive wp-post-image\" alt=\"Quady VIP (prywatne)\" itemprop=\"image\" \/>            <\/a>\r\n            \r\n\t\t\t                <a href=\"#\" class=\"login\" data-bs-toggle=\"modal\" data-bs-target=\"#st-login-form\">\r\n                    <div class=\"service-add-wishlist\" title=\"Add to wishlist\">\r\n                        <i class=\"st-border-radius field-icon\"><svg xmlns=\"http:\/\/www.w3.org\/2000\/svg\" width=\"23\" height=\"22\" viewBox=\"0 0 23 22\" fill=\"none\">\r\n        <path fill-rule=\"evenodd\" clip-rule=\"evenodd\" d=\"M0.75 7.68998C0.75 4.18927 3.57229 1.34998 7.06 1.34998C8.79674 1.34998 10.3646 2.05596 11.5003 3.19469C12.6385 2.05561 14.2122 1.34998 15.94 1.34998C19.4277 1.34998 22.25 4.18927 22.25 7.68998C22.25 11.4395 20.5107 14.4001 18.4342 16.5276C16.3683 18.6443 13.9235 19.9861 12.3657 20.5186C12.0914 20.6147 11.7773 20.65 11.5 20.65C11.2227 20.65 10.9086 20.6147 10.6343 20.5186C9.07655 19.9861 6.63169 18.6443 4.56577 16.5276C2.48932 14.4001 0.75 11.4395 0.75 7.68998Z\" fill=\"#232323\" fill-opacity=\"0.3\" stroke=\"white\" stroke-width=\"1.5\" stroke-linecap=\"round\" stroke-linejoin=\"round\"\/>\r\n        <\/svg><\/i>                        <div class=\"lds-dual-ring\"><\/div>\r\n                    <\/div>\r\n                <\/a>\r\n                    <\/div>\r\n        <div class=\"content-item\">\r\n\r\n            <h3 class=\"title\" itemprop=\"name\">\r\n                <a href=\"https:\/\/old.wycieczki-miastartours.com\/pl\/tours\/quady-vip-prywatne\/\" class=\"c-main\">Quady VIP (prywatne)<\/a>\r\n            <\/h3>\r\n                            <div class=\"st-tour--description\"><p>Hurghada VIP Quads (prywatne) VIP QUADS (prywatne) rano lub po po\u0142udniu (0 7:30-11.30 lub 13:30-17:00) Koszt: Doro\u015bli: 1 osoba 25 USD 45 USD za 2 osoby Program: Prawdziwa wioska Beduin\u00f3w lub g\u00f3ra piaskowa Quady 90 min Przeja\u017cd\u017cka na wielb\u0142\u0105dach Herbata + woda DODATKOWE INFORMACJE Godziny odbioru zale\u017c\u0105 od lokalizacji hotelu. Przyje\u017cd\u017camy do hotelu i odwozimy [&hellip;]<\/p>\n<\/div>\r\n                         <div class=\"fixed-bottoms\">\r\n                <div class=\"st-tour--feature st-tour--tablet\">\r\n                    <div class=\"st-tour__item\">\r\n                        <div class=\"item__icon\">\r\n                            <i class=\"input-icon st-border-radius field-icon fa\"><svg xmlns=\"http:\/\/www.w3.org\/2000\/svg\" width=\"24\" height=\"24\" fill=\"none\" viewBox=\"0 0 24 24\">\r\n    <path fill=\"#ed8323\" d=\"M7.5 10.5h-1c-.552 0-1 .448-1 1s.448 1 1 1h1c.552 0 1-.448 1-1s-.448-1-1-1zM12.5 10.5h-1c-.552 0-1 .448-1 1s.448 1 1 1h1c.552 0 1-.448 1-1s-.448-1-1-1zM17.5 10.5h-1c-.552 0-1 .448-1 1s.448 1 1 1h1c.552 0 1-.448 1-1s-.448-1-1-1zM7.5 14.5h-1c-.552 0-1 .448-1 1s.448 1 1 1h1c.552 0 1-.448 1-1s-.448-1-1-1zM12.5 14.5h-1c-.552 0-1 .448-1 1s.448 1 1 1h1c.552 0 1-.448 1-1s-.448-1-1-1zM17.5 14.5h-1c-.552 0-1 .448-1 1s.448 1 1 1h1c.552 0 1-.448 1-1s-.448-1-1-1zM7.5 18.5h-1c-.552 0-1 .448-1 1s.448 1 1 1h1c.552 0 1-.448 1-1s-.448-1-1-1zM12.5 18.5h-1c-.552 0-1 .448-1 1s.448 1 1 1h1c.552 0 1-.448 1-1s-.448-1-1-1zM17.5 18.5h-1c-.552 0-1 .448-1 1s.448 1 1 1h1c.552 0 1-.448 1-1s-.448-1-1-1z\"\/>\r\n    <path fill=\"#ed8323\" fill-rule=\"evenodd\" d=\"M18.75 3h2.75c1.105 0 2 .895 2 2v17c0 1.105-.895 2-2 2h-19c-1.105 0-2-.895-2-2V5c0-1.105.895-2 2-2H4c.276 0 .5.224.5.5v2.25c0 .414.336.75.75.75S6 6.164 6 5.75V1c0-.552.448-1 1-1s1 .448 1 1v1.751c0 .138.112.249.25.249h6.25c.276 0 .5.224.5.5v2.25c0 .414.336.75.75.75s.75-.336.75-.75V1c0-.552.448-1 1-1s1 .448 1 1v1.75c0 .138.112.25.25.25zm2.75 19c.276 0 .5-.224.5-.5v-12c0-.276-.224-.5-.5-.5h-18c-.276 0-.5.224-.5.5v12c0 .276.224.5.5.5h18z\" clip-rule=\"evenodd\"\/>\r\n<\/svg>\r\n<\/i>                        <\/div>\r\n                        <div class=\"item__info\">\r\n                            <h4 class=\"info__name\">Czas trwania<\/h4>\r\n                            <p class=\"info__value\">\r\n                                                            <\/p>\r\n                        <\/div>\r\n                    <\/div>\r\n                    <div class=\"st-tour__item\">\r\n                        <div class=\"item__icon\">\r\n                            <i class=\"input-icon st-border-radius field-icon fa\"><svg xmlns=\"http:\/\/www.w3.org\/2000\/svg\" width=\"24\" height=\"24\" fill=\"none\" viewBox=\"0 0 24 24\">\r\n    <path fill=\"#ed8323\" d=\"M20 23.25c0 .276.224.5.5.5h2.82c.167 0 .323-.083.415-.22.093-.139.111-.314.049-.468-.604-1.51-1.985-2.57-3.6-2.765-.169-.02-.336.046-.445.177-.108.13-.143.307-.092.469.234.747.353 1.525.353 2.307zM4.867 20.9c.049-.152.022-.318-.072-.447-.094-.13-.243-.206-.403-.206H4.38c-1.833 0-3.48 1.116-4.164 2.816-.062.154-.044.33.05.467.092.137.248.22.414.22H4c.276 0 .5-.224.5-.5 0-.798.123-1.59.367-2.35zM7.05 6.043c-.26.251-.364.623-.273.972.092.35.365.623.714.715.35.091.722-.013.973-.273.938-.938 2.21-1.465 3.536-1.465s2.598.527 3.536 1.465c.392.379 1.016.373 1.402-.012.386-.386.39-1.01.012-1.402-1.313-1.313-3.093-2.05-4.95-2.05-1.857 0-3.637.737-4.95 2.05z\"\/>\r\n    <path fill=\"#ed8323\" d=\"M6.343 4.593C7.843 3.093 9.878 2.25 12 2.25s4.157.843 5.657 2.343c.251.26.623.364.972.273.35-.092.623-.365.715-.715.091-.35-.013-.72-.273-.972-3.905-3.905-10.237-3.905-14.142 0-.38.392-.374 1.016.012 1.402.386.386 1.01.391 1.402.012z\"\/>\r\n    <path fill=\"#ed8323\" fill-rule=\"evenodd\" d=\"M9.949 17.288c.006-.093-.04-.181-.119-.23v.003c-1.836-1.084-2.72-3.263-2.16-5.32.561-2.057 2.429-3.486 4.561-3.488 2.132-.003 4.003 1.42 4.57 3.477.565 2.056-.314 4.236-2.147 5.325-.08.049-.127.138-.12.232.006.093.064.176.15.213 2.31.978 3.812 3.242 3.816 5.75 0 .276-.224.5-.5.5H6.5c-.276 0-.5-.224-.5-.5.002-2.505 1.497-4.767 3.8-5.75.085-.038.142-.12.149-.212zm-.386-4.863c-.042.184-.063.373-.063.562-.001 1.412 1.072 2.594 2.478 2.727 1.406.133 2.683-.827 2.946-2.214.027-.158-.024-.32-.136-.434-.112-.114-.273-.168-.431-.144-.29.043-.582.065-.874.065-1.119 0-2.216-.304-3.175-.881-.138-.083-.306-.094-.454-.03-.148.062-.256.192-.291.349z\" clip-rule=\"evenodd\"\/>\r\n    <path fill=\"#ed8323\" d=\"M19.62 19.25c1.177.007 2.23-.73 2.624-1.84.394-1.108.044-2.345-.873-3.083s-2.2-.814-3.199-.191c-.998.623-1.494 1.81-1.234 2.957.289 1.252 1.397 2.143 2.682 2.157zM4.38 19.25c1.519 0 2.75-1.231 2.75-2.75s-1.231-2.75-2.75-2.75-2.75 1.231-2.75 2.75 1.231 2.75 2.75 2.75z\"\/>\r\n<\/svg>\r\n<\/i>                        <\/div>\r\n                        <div class=\"item__info\">\r\n                            <h4 class=\"info__name\">Rozmiar grupy<\/h4>\r\n                            <p class=\"info__value\">\r\n                                1 person                            <\/p>\r\n                        <\/div>\r\n                    <\/div>\r\n                <\/div>\r\n            <\/div>\r\n            <div class=\"section-footer\">\r\n                <div class=\"st-flex space-between st-price__wrapper\">\r\n\r\n                    <div class=\"right\">\r\n\r\n                        <span class=\" price--tour\">\r\n                            <span class=\"text-lg lh1em item \"> $0,00<\/span>                        <\/span>\r\n                    <\/div>\r\n                    <div class=\"st-btn--book\">\r\n                        <a href=\"https:\/\/old.wycieczki-miastartours.com\/pl\/tours\/quady-vip-prywatne\/\">Kup Teraz<\/a>\r\n                    <\/div>\r\n                <\/div>\r\n            <\/div>\r\n\r\n\r\n        <\/div>\r\n    <\/div>\r\n<\/div><\/div><\/div><\/div>    <\/div>\r\n\t\t\t\t<\/div>\n\t\t\t\t<\/div>\n\t\t\t\t\t<\/div>\n\t\t\t\t<\/div>\n\t\t\t\t<\/div>\n\t\t","protected":false},"excerpt":{"rendered":"<p>Hurghada Prywatne Wycieczki Quady VIP (prywatne) Hurghada VIP Quads (prywatne) VIP QUADS (prywatne) rano lub po po\u0142udniu (0 7:30-11.30 lub 13:30-17:00) Koszt: Doro\u015bli: 1 osoba 25 USD 45 USD za 2 osoby Program: Prawdziwa wioska Beduin\u00f3w lub g\u00f3ra piaskowa Quady 90 min Przeja\u017cd\u017cka na wielb\u0142\u0105dach Herbata + woda DODATKOWE INFORMACJE Godziny odbioru zale\u017c\u0105 od lokalizacji [&hellip;]<\/p>\n","protected":false},"author":1,"featured_media":0,"parent":0,"menu_order":0,"comment_status":"closed","ping_status":"closed","template":"template-home.php","meta":{"footnotes":""},"class_list":["post-11420","page","type-page","status-publish","has-post-thumbnail","hentry"],"_links":{"self":[{"href":"https:\/\/old.wycieczki-miastartours.com\/pl\/wp-json\/wp\/v2\/pages\/11420","targetHints":{"allow":["GET"]}}],"collection":[{"href":"https:\/\/old.wycieczki-miastartours.com\/pl\/wp-json\/wp\/v2\/pages"}],"about":[{"href":"https:\/\/old.wycieczki-miastartours.com\/pl\/wp-json\/wp\/v2\/types\/page"}],"author":[{"embeddable":true,"href":"https:\/\/old.wycieczki-miastartours.com\/pl\/wp-json\/wp\/v2\/users\/1"}],"replies":[{"embeddable":true,"href":"https:\/\/old.wycieczki-miastartours.com\/pl\/wp-json\/wp\/v2\/comments?post=11420"}],"version-history":[{"count":7,"href":"https:\/\/old.wycieczki-miastartours.com\/pl\/wp-json\/wp\/v2\/pages\/11420\/revisions"}],"predecessor-version":[{"id":11427,"href":"https:\/\/old.wycieczki-miastartours.com\/pl\/wp-json\/wp\/v2\/pages\/11420\/revisions\/11427"}],"wp:attachment":[{"href":"https:\/\/old.wycieczki-miastartours.com\/pl\/wp-json\/wp\/v2\/media?parent=11420"}],"curies":[{"name":"wp","href":"https:\/\/api.w.org\/{rel}","templated":true}]}}