{"id":11440,"date":"2023-02-17T13:56:41","date_gmt":"2023-02-17T13:56:41","guid":{"rendered":"https:\/\/old.wycieczki-miastartours.com\/?page_id=11440"},"modified":"2025-01-22T17:24:39","modified_gmt":"2025-01-22T17:24:39","slug":"marsa-alam","status":"publish","type":"page","link":"https:\/\/old.wycieczki-miastartours.com\/pl\/marsa-alam\/","title":{"rendered":"Marsa Alam"},"content":{"rendered":"\t\t<div data-elementor-type=\"wp-page\" data-elementor-id=\"11440\" class=\"elementor elementor-11440 elementor-1149\">\n\t\t\t\t<div class=\"elementor-element elementor-element-f6217d4 e-flex e-con-boxed e-con e-parent\" data-id=\"f6217d4\" data-element_type=\"container\">\n\t\t\t\t\t<div class=\"e-con-inner\">\n\t\t\t\t<div class=\"elementor-element elementor-element-07dc66c elementor-widget elementor-widget-heading\" data-id=\"07dc66c\" data-element_type=\"widget\" data-widget_type=\"heading.default\">\n\t\t\t\t<div class=\"elementor-widget-container\">\n\t\t\t\t\t<h2 class=\"elementor-heading-title elementor-size-default\">Marsa Alam Tours<\/h2>\t\t\t\t<\/div>\n\t\t\t\t<\/div>\n\t\t\t\t\t<\/div>\n\t\t\t\t<\/div>\n\t\t<div class=\"elementor-element elementor-element-16e2422 e-flex e-con-boxed e-con e-parent\" data-id=\"16e2422\" data-element_type=\"container\">\n\t\t\t\t\t<div class=\"e-con-inner\">\n\t\t<div class=\"elementor-element elementor-element-d223054 e-con-full e-flex e-con e-child\" data-id=\"d223054\" data-element_type=\"container\">\n\t\t\t\t<div class=\"elementor-element elementor-element-036130a elementor-widget elementor-widget-heading\" data-id=\"036130a\" data-element_type=\"widget\" data-widget_type=\"heading.default\">\n\t\t\t\t<div class=\"elementor-widget-container\">\n\t\t\t\t\t<h4 class=\"elementor-heading-title elementor-size-default\"><a href=\"https:\/\/old.wycieczki-miastartours.com\/marsa-alam-sea-trips\/\">Wycieczki morskie\n &nbsp; &nbsp; &nbsp; &nbsp; &nbsp; &nbsp; &nbsp; Read More<\/a><\/h4>\t\t\t\t<\/div>\n\t\t\t\t<\/div>\n\t\t\t\t<div class=\"elementor-element elementor-element-947c4b8 elementor-widget elementor-widget-image\" data-id=\"947c4b8\" data-element_type=\"widget\" data-widget_type=\"image.default\">\n\t\t\t\t<div class=\"elementor-widget-container\">\n\t\t\t\t\t\t\t\t\t\t\t\t\t\t\t\t<a href=\"https:\/\/old.wycieczki-miastartours.com\/marsa-alam-sea-trips\/\">\n\t\t\t\t\t\t\t<img fetchpriority=\"high\" decoding=\"async\" width=\"768\" height=\"512\" src=\"https:\/\/old.wycieczki-miastartours.com\/wp-content\/uploads\/2025\/01\/IMG-1043-768x512.webp\" class=\"attachment-medium_large size-medium_large wp-image-10628\" alt=\"\" srcset=\"https:\/\/old.wycieczki-miastartours.com\/wp-content\/uploads\/2025\/01\/IMG-1043-768x512.webp 768w, https:\/\/old.wycieczki-miastartours.com\/wp-content\/uploads\/2025\/01\/IMG-1043.webp 600w\" sizes=\"(max-width: 768px) 100vw, 768px\" \/>\t\t\t\t\t\t\t\t<\/a>\n\t\t\t\t\t\t\t\t\t\t\t\t\t\t\t<\/div>\n\t\t\t\t<\/div>\n\t\t\t\t<\/div>\n\t\t<div class=\"elementor-element elementor-element-f7b0629 e-con-full e-flex e-con e-child\" data-id=\"f7b0629\" data-element_type=\"container\">\n\t\t\t\t<div class=\"elementor-element elementor-element-6e86f06 elementor-widget elementor-widget-image\" data-id=\"6e86f06\" data-element_type=\"widget\" data-widget_type=\"image.default\">\n\t\t\t\t<div class=\"elementor-widget-container\">\n\t\t\t\t\t\t\t\t\t\t\t\t\t\t\t\t<a href=\"https:\/\/old.wycieczki-miastartours.com\/pl\/hurghada-archaeological-trips\/\">\n\t\t\t\t\t\t\t<img decoding=\"async\" width=\"768\" height=\"512\" src=\"https:\/\/old.wycieczki-miastartours.com\/wp-content\/uploads\/2025\/01\/IMG-1187-768x512.webp\" class=\"attachment-medium_large size-medium_large wp-image-10497\" alt=\"\" srcset=\"https:\/\/old.wycieczki-miastartours.com\/wp-content\/uploads\/2025\/01\/IMG-1187-768x512.webp 768w, https:\/\/old.wycieczki-miastartours.com\/wp-content\/uploads\/2025\/01\/IMG-1187.webp 600w\" sizes=\"(max-width: 768px) 100vw, 768px\" \/>\t\t\t\t\t\t\t\t<\/a>\n\t\t\t\t\t\t\t\t\t\t\t\t\t\t\t<\/div>\n\t\t\t\t<\/div>\n\t\t\t\t<div class=\"elementor-element elementor-element-0ae6592 elementor-widget elementor-widget-heading\" data-id=\"0ae6592\" data-element_type=\"widget\" data-widget_type=\"heading.default\">\n\t\t\t\t<div class=\"elementor-widget-container\">\n\t\t\t\t\t<h4 class=\"elementor-heading-title elementor-size-default\"><a href=\"https:\/\/old.wycieczki-miastartours.com\/pl\/hurghada-archaeological-trips\/\">Wycieczki archeologiczne&nbsp; &nbsp; Read More<\/a><\/h4>\t\t\t\t<\/div>\n\t\t\t\t<\/div>\n\t\t\t\t<\/div>\n\t\t<div class=\"elementor-element elementor-element-4bdc965 e-con-full e-flex e-con e-child\" data-id=\"4bdc965\" data-element_type=\"container\">\n\t\t\t\t<div class=\"elementor-element elementor-element-d281f63 elementor-widget elementor-widget-image\" data-id=\"d281f63\" data-element_type=\"widget\" data-widget_type=\"image.default\">\n\t\t\t\t<div class=\"elementor-widget-container\">\n\t\t\t\t\t\t\t\t\t\t\t\t\t\t\t\t<a href=\"https:\/\/old.wycieczki-miastartours.com\/pl\/safari-w-hurghadzie-i-quady\/\">\n\t\t\t\t\t\t\t<img decoding=\"async\" width=\"768\" height=\"512\" src=\"https:\/\/old.wycieczki-miastartours.com\/wp-content\/uploads\/2025\/01\/da990ca6-67c0-4d58-9675-99412fa98ba4-768x512.webp\" class=\"attachment-medium_large size-medium_large wp-image-10433\" alt=\"\" srcset=\"https:\/\/old.wycieczki-miastartours.com\/wp-content\/uploads\/2025\/01\/da990ca6-67c0-4d58-9675-99412fa98ba4-768x512.webp 768w, https:\/\/old.wycieczki-miastartours.com\/wp-content\/uploads\/2025\/01\/da990ca6-67c0-4d58-9675-99412fa98ba4.webp 600w\" sizes=\"(max-width: 768px) 100vw, 768px\" \/>\t\t\t\t\t\t\t\t<\/a>\n\t\t\t\t\t\t\t\t\t\t\t\t\t\t\t<\/div>\n\t\t\t\t<\/div>\n\t\t\t\t<div class=\"elementor-element elementor-element-b6bb600 elementor-widget elementor-widget-heading\" data-id=\"b6bb600\" data-element_type=\"widget\" data-widget_type=\"heading.default\">\n\t\t\t\t<div class=\"elementor-widget-container\">\n\t\t\t\t\t<h4 class=\"elementor-heading-title elementor-size-default\"><a href=\"https:\/\/old.wycieczki-miastartours.com\/pl\/safari-w-hurghadzie-i-quady\/\"> Safari i quady, wycieczki konne i na wielb\u0142\u0105dach            &nbsp; Read More<\/a><\/h4>\t\t\t\t<\/div>\n\t\t\t\t<\/div>\n\t\t\t\t<\/div>\n\t\t<div class=\"elementor-element elementor-element-48043ae e-con-full e-flex e-con e-child\" data-id=\"48043ae\" data-element_type=\"container\">\n\t\t\t\t<div class=\"elementor-element elementor-element-915a76b elementor-widget elementor-widget-image\" data-id=\"915a76b\" data-element_type=\"widget\" data-widget_type=\"image.default\">\n\t\t\t\t<div class=\"elementor-widget-container\">\n\t\t\t\t\t\t\t\t\t\t\t\t\t\t\t\t<a href=\"https:\/\/old.wycieczki-miastartours.com\/pl\/wycieczki-rodzinne-do-hurghady\/\">\n\t\t\t\t\t\t\t<img loading=\"lazy\" decoding=\"async\" width=\"768\" height=\"512\" src=\"https:\/\/old.wycieczki-miastartours.com\/wp-content\/uploads\/2025\/01\/IMG-0970-768x512.webp\" class=\"attachment-medium_large size-medium_large wp-image-10484\" alt=\"\" srcset=\"https:\/\/old.wycieczki-miastartours.com\/wp-content\/uploads\/2025\/01\/IMG-0970-768x512.webp 768w, https:\/\/old.wycieczki-miastartours.com\/wp-content\/uploads\/2025\/01\/IMG-0970.webp 600w\" sizes=\"(max-width: 768px) 100vw, 768px\" \/>\t\t\t\t\t\t\t\t<\/a>\n\t\t\t\t\t\t\t\t\t\t\t\t\t\t\t<\/div>\n\t\t\t\t<\/div>\n\t\t\t\t<div class=\"elementor-element elementor-element-b4fdca8 elementor-widget elementor-widget-heading\" data-id=\"b4fdca8\" data-element_type=\"widget\" data-widget_type=\"heading.default\">\n\t\t\t\t<div class=\"elementor-widget-container\">\n\t\t\t\t\t<h4 class=\"elementor-heading-title elementor-size-default\"><a href=\"https:\/\/old.wycieczki-miastartours.com\/pl\/wycieczki-rodzinne-do-hurghady\/\">Wycieczki rodzinne\n&nbsp; &nbsp; &nbsp; &nbsp; &nbsp; &nbsp; Read More<\/a><\/h4>\t\t\t\t<\/div>\n\t\t\t\t<\/div>\n\t\t\t\t<\/div>\n\t\t<div class=\"elementor-element elementor-element-c4c2c16 e-con-full e-flex e-con e-child\" data-id=\"c4c2c16\" data-element_type=\"container\">\n\t\t\t\t<div class=\"elementor-element elementor-element-53bef21 elementor-widget elementor-widget-heading\" data-id=\"53bef21\" data-element_type=\"widget\" data-widget_type=\"heading.default\">\n\t\t\t\t<div class=\"elementor-widget-container\">\n\t\t\t\t\t<h4 class=\"elementor-heading-title elementor-size-default\"><a href=\"https:\/\/old.wycieczki-miastartours.com\/pl\/hurghada-masaz-i-hammam\/\">Masa\u017c i Hammam\n &nbsp; &nbsp; &nbsp; &nbsp; &nbsp; Read More<\/a><\/h4>\t\t\t\t<\/div>\n\t\t\t\t<\/div>\n\t\t\t\t<div class=\"elementor-element elementor-element-1f95eaf elementor-widget elementor-widget-image\" data-id=\"1f95eaf\" data-element_type=\"widget\" data-widget_type=\"image.default\">\n\t\t\t\t<div class=\"elementor-widget-container\">\n\t\t\t\t\t\t\t\t\t\t\t\t\t\t\t\t<a href=\"https:\/\/old.wycieczki-miastartours.com\/pl\/hurghada-masaz-i-hammam\/\">\n\t\t\t\t\t\t\t<img loading=\"lazy\" decoding=\"async\" width=\"768\" height=\"512\" src=\"https:\/\/old.wycieczki-miastartours.com\/wp-content\/uploads\/2025\/01\/b5fe43a7-edd9-4c80-ae8d-ba6979999e9c-768x512.webp\" class=\"attachment-medium_large size-medium_large wp-image-10806\" alt=\"\" srcset=\"https:\/\/old.wycieczki-miastartours.com\/wp-content\/uploads\/2025\/01\/b5fe43a7-edd9-4c80-ae8d-ba6979999e9c-768x512.webp 768w, https:\/\/old.wycieczki-miastartours.com\/wp-content\/uploads\/2025\/01\/b5fe43a7-edd9-4c80-ae8d-ba6979999e9c.webp 600w\" sizes=\"(max-width: 768px) 100vw, 768px\" \/>\t\t\t\t\t\t\t\t<\/a>\n\t\t\t\t\t\t\t\t\t\t\t\t\t\t\t<\/div>\n\t\t\t\t<\/div>\n\t\t\t\t<\/div>\n\t\t<div class=\"elementor-element elementor-element-bf11c8d e-con-full e-flex e-con e-child\" data-id=\"bf11c8d\" data-element_type=\"container\">\n\t\t\t\t<div class=\"elementor-element elementor-element-2142a98 elementor-widget elementor-widget-image\" data-id=\"2142a98\" data-element_type=\"widget\" data-widget_type=\"image.default\">\n\t\t\t\t<div class=\"elementor-widget-container\">\n\t\t\t\t\t\t\t\t\t\t\t\t\t\t\t\t<a href=\"https:\/\/old.wycieczki-miastartours.com\/pl\/wycieczki-nurkowe-w-hurghadzie\/\">\n\t\t\t\t\t\t\t<img loading=\"lazy\" decoding=\"async\" width=\"768\" height=\"512\" src=\"https:\/\/old.wycieczki-miastartours.com\/wp-content\/uploads\/2025\/01\/5e55c31c-9610-446b-8e2b-064c1015bad9-768x512.webp\" class=\"attachment-medium_large size-medium_large wp-image-10759\" alt=\"\" srcset=\"https:\/\/old.wycieczki-miastartours.com\/wp-content\/uploads\/2025\/01\/5e55c31c-9610-446b-8e2b-064c1015bad9-768x512.webp 768w, https:\/\/old.wycieczki-miastartours.com\/wp-content\/uploads\/2025\/01\/5e55c31c-9610-446b-8e2b-064c1015bad9.webp 600w\" sizes=\"(max-width: 768px) 100vw, 768px\" \/>\t\t\t\t\t\t\t\t<\/a>\n\t\t\t\t\t\t\t\t\t\t\t\t\t\t\t<\/div>\n\t\t\t\t<\/div>\n\t\t\t\t<div class=\"elementor-element elementor-element-d05a24c elementor-widget elementor-widget-heading\" data-id=\"d05a24c\" data-element_type=\"widget\" data-widget_type=\"heading.default\">\n\t\t\t\t<div class=\"elementor-widget-container\">\n\t\t\t\t\t<h4 class=\"elementor-heading-title elementor-size-default\"><a href=\"https:\/\/old.wycieczki-miastartours.com\/pl\/wycieczki-nurkowe-w-hurghadzie\/\">Wycieczki nurkowe &nbsp; &nbsp; &nbsp; &nbsp; &nbsp; &nbsp; &nbsp; &nbsp; Read More<\/a><\/h4>\t\t\t\t<\/div>\n\t\t\t\t<\/div>\n\t\t\t\t<\/div>\n\t\t\t\t\t<\/div>\n\t\t\t\t<\/div>\n\t\t<div class=\"elementor-element elementor-element-bbc72f7 e-flex e-con-boxed e-con e-parent\" data-id=\"bbc72f7\" data-element_type=\"container\">\n\t\t\t\t\t<div class=\"e-con-inner\">\n\t\t<div class=\"elementor-element elementor-element-8ff8174 e-con-full e-flex e-con e-child\" data-id=\"8ff8174\" data-element_type=\"container\">\n\t\t<div class=\"elementor-element elementor-element-2bc646b e-con-full e-flex e-con e-child\" data-id=\"2bc646b\" data-element_type=\"container\">\n\t\t\t\t<div class=\"elementor-element elementor-element-31c40e0 elementor-widget elementor-widget-heading\" data-id=\"31c40e0\" data-element_type=\"widget\" data-widget_type=\"heading.default\">\n\t\t\t\t<div class=\"elementor-widget-container\">\n\t\t\t\t\t<h4 class=\"elementor-heading-title elementor-size-default\"><a href=\"https:\/\/old.wycieczki-miastartours.com\/marsa-alam-sea-trips\/\">&nbsp;Sea Trips &nbsp; &nbsp; &nbsp; &nbsp; &nbsp; &nbsp; &nbsp; &nbsp; Read More<\/a><\/h4>\t\t\t\t<\/div>\n\t\t\t\t<\/div>\n\t\t\t\t<div class=\"elementor-element elementor-element-264fd66 elementor-widget elementor-widget-image\" data-id=\"264fd66\" data-element_type=\"widget\" data-widget_type=\"image.default\">\n\t\t\t\t<div class=\"elementor-widget-container\">\n\t\t\t\t\t\t\t\t\t\t\t\t\t\t\t\t<a href=\"https:\/\/old.wycieczki-miastartours.com\/marsa-alam-sea-trips\/\">\n\t\t\t\t\t\t\t<img fetchpriority=\"high\" decoding=\"async\" width=\"768\" height=\"512\" src=\"https:\/\/old.wycieczki-miastartours.com\/wp-content\/uploads\/2025\/01\/IMG-1043-768x512.webp\" class=\"attachment-medium_large size-medium_large wp-image-10628\" alt=\"\" srcset=\"https:\/\/old.wycieczki-miastartours.com\/wp-content\/uploads\/2025\/01\/IMG-1043-768x512.webp 768w, https:\/\/old.wycieczki-miastartours.com\/wp-content\/uploads\/2025\/01\/IMG-1043.webp 600w\" sizes=\"(max-width: 768px) 100vw, 768px\" \/>\t\t\t\t\t\t\t\t<\/a>\n\t\t\t\t\t\t\t\t\t\t\t\t\t\t\t<\/div>\n\t\t\t\t<\/div>\n\t\t\t\t<\/div>\n\t\t<div class=\"elementor-element elementor-element-ee0584b e-con-full e-flex e-con e-child\" data-id=\"ee0584b\" data-element_type=\"container\">\n\t\t\t\t<div class=\"elementor-element elementor-element-6df1918 elementor-widget elementor-widget-image\" data-id=\"6df1918\" data-element_type=\"widget\" data-widget_type=\"image.default\">\n\t\t\t\t<div class=\"elementor-widget-container\">\n\t\t\t\t\t\t\t\t\t\t\t\t\t\t\t\t<a href=\"https:\/\/old.wycieczki-miastartours.com\/marsa-alam-archaeological-trips\/\">\n\t\t\t\t\t\t\t<img decoding=\"async\" width=\"768\" height=\"512\" src=\"https:\/\/old.wycieczki-miastartours.com\/wp-content\/uploads\/2025\/01\/IMG-1187-768x512.webp\" class=\"attachment-medium_large size-medium_large wp-image-10497\" alt=\"\" srcset=\"https:\/\/old.wycieczki-miastartours.com\/wp-content\/uploads\/2025\/01\/IMG-1187-768x512.webp 768w, https:\/\/old.wycieczki-miastartours.com\/wp-content\/uploads\/2025\/01\/IMG-1187.webp 600w\" sizes=\"(max-width: 768px) 100vw, 768px\" \/>\t\t\t\t\t\t\t\t<\/a>\n\t\t\t\t\t\t\t\t\t\t\t\t\t\t\t<\/div>\n\t\t\t\t<\/div>\n\t\t\t\t<div class=\"elementor-element elementor-element-21f567e elementor-widget elementor-widget-heading\" data-id=\"21f567e\" data-element_type=\"widget\" data-widget_type=\"heading.default\">\n\t\t\t\t<div class=\"elementor-widget-container\">\n\t\t\t\t\t<h4 class=\"elementor-heading-title elementor-size-default\"><a href=\"https:\/\/old.wycieczki-miastartours.com\/marsa-alam-archaeological-trips\/\">Archaeological Trips &nbsp; &nbsp; Read More<\/a><\/h4>\t\t\t\t<\/div>\n\t\t\t\t<\/div>\n\t\t\t\t<\/div>\n\t\t<div class=\"elementor-element elementor-element-67c7db1 e-con-full e-flex e-con e-child\" data-id=\"67c7db1\" data-element_type=\"container\">\n\t\t\t\t<div class=\"elementor-element elementor-element-3c62251 elementor-widget elementor-widget-image\" data-id=\"3c62251\" data-element_type=\"widget\" data-widget_type=\"image.default\">\n\t\t\t\t<div class=\"elementor-widget-container\">\n\t\t\t\t\t\t\t\t\t\t\t\t\t\t\t\t<a href=\"https:\/\/old.wycieczki-miastartours.com\/marsa-alam-safari-quads\/\">\n\t\t\t\t\t\t\t<img decoding=\"async\" width=\"768\" height=\"512\" src=\"https:\/\/old.wycieczki-miastartours.com\/wp-content\/uploads\/2025\/01\/da990ca6-67c0-4d58-9675-99412fa98ba4-768x512.webp\" class=\"attachment-medium_large size-medium_large wp-image-10433\" alt=\"\" srcset=\"https:\/\/old.wycieczki-miastartours.com\/wp-content\/uploads\/2025\/01\/da990ca6-67c0-4d58-9675-99412fa98ba4-768x512.webp 768w, https:\/\/old.wycieczki-miastartours.com\/wp-content\/uploads\/2025\/01\/da990ca6-67c0-4d58-9675-99412fa98ba4.webp 600w\" sizes=\"(max-width: 768px) 100vw, 768px\" \/>\t\t\t\t\t\t\t\t<\/a>\n\t\t\t\t\t\t\t\t\t\t\t\t\t\t\t<\/div>\n\t\t\t\t<\/div>\n\t\t\t\t<div class=\"elementor-element elementor-element-4e0ce87 elementor-widget elementor-widget-heading\" data-id=\"4e0ce87\" data-element_type=\"widget\" data-widget_type=\"heading.default\">\n\t\t\t\t<div class=\"elementor-widget-container\">\n\t\t\t\t\t<h4 class=\"elementor-heading-title elementor-size-default\"><a href=\"https:\/\/old.wycieczki-miastartours.com\/marsa-alam-safari-quads\/\"> Safari &amp; Quads, Horse &amp; Camel            &nbsp; Read More<\/a><\/h4>\t\t\t\t<\/div>\n\t\t\t\t<\/div>\n\t\t\t\t<\/div>\n\t\t<div class=\"elementor-element elementor-element-6a18e58 e-con-full e-flex e-con e-child\" data-id=\"6a18e58\" data-element_type=\"container\">\n\t\t\t\t<div class=\"elementor-element elementor-element-d2bd8b0 elementor-widget elementor-widget-image\" data-id=\"d2bd8b0\" data-element_type=\"widget\" data-widget_type=\"image.default\">\n\t\t\t\t<div class=\"elementor-widget-container\">\n\t\t\t\t\t\t\t\t\t\t\t\t\t\t\t\t<a href=\"https:\/\/old.wycieczki-miastartours.com\/marsa-alam-recreational-trips\/\">\n\t\t\t\t\t\t\t<img loading=\"lazy\" decoding=\"async\" width=\"768\" height=\"512\" src=\"https:\/\/old.wycieczki-miastartours.com\/wp-content\/uploads\/2025\/01\/IMG-0970-768x512.webp\" class=\"attachment-medium_large size-medium_large wp-image-10484\" alt=\"\" srcset=\"https:\/\/old.wycieczki-miastartours.com\/wp-content\/uploads\/2025\/01\/IMG-0970-768x512.webp 768w, https:\/\/old.wycieczki-miastartours.com\/wp-content\/uploads\/2025\/01\/IMG-0970.webp 600w\" sizes=\"(max-width: 768px) 100vw, 768px\" \/>\t\t\t\t\t\t\t\t<\/a>\n\t\t\t\t\t\t\t\t\t\t\t\t\t\t\t<\/div>\n\t\t\t\t<\/div>\n\t\t\t\t<div class=\"elementor-element elementor-element-a889cc4 elementor-widget elementor-widget-heading\" data-id=\"a889cc4\" data-element_type=\"widget\" data-widget_type=\"heading.default\">\n\t\t\t\t<div class=\"elementor-widget-container\">\n\t\t\t\t\t<h4 class=\"elementor-heading-title elementor-size-default\"><a href=\"https:\/\/old.wycieczki-miastartours.com\/marsa-alam-recreational-trips\/\"> Family Trips&nbsp; &nbsp; &nbsp; &nbsp; &nbsp; &nbsp; &nbsp; &nbsp; Read More<\/a><\/h4>\t\t\t\t<\/div>\n\t\t\t\t<\/div>\n\t\t\t\t<\/div>\n\t\t<div class=\"elementor-element elementor-element-6121b0e e-con-full e-flex e-con e-child\" data-id=\"6121b0e\" data-element_type=\"container\">\n\t\t\t\t<div class=\"elementor-element elementor-element-d470e84 elementor-widget elementor-widget-heading\" data-id=\"d470e84\" data-element_type=\"widget\" data-widget_type=\"heading.default\">\n\t\t\t\t<div class=\"elementor-widget-container\">\n\t\t\t\t\t<h4 class=\"elementor-heading-title elementor-size-default\"><a href=\"https:\/\/old.wycieczki-miastartours.com\/hurghada-massage-hammam\/\">Massage &amp; Hammam &nbsp; &nbsp; &nbsp; &nbsp; &nbsp; &nbsp; &nbsp; Read More<\/a><\/h4>\t\t\t\t<\/div>\n\t\t\t\t<\/div>\n\t\t\t\t<div class=\"elementor-element elementor-element-dd60d57 elementor-widget elementor-widget-image\" data-id=\"dd60d57\" data-element_type=\"widget\" data-widget_type=\"image.default\">\n\t\t\t\t<div class=\"elementor-widget-container\">\n\t\t\t\t\t\t\t\t\t\t\t\t\t\t\t<img loading=\"lazy\" decoding=\"async\" width=\"768\" height=\"512\" src=\"https:\/\/old.wycieczki-miastartours.com\/wp-content\/uploads\/2025\/01\/b5fe43a7-edd9-4c80-ae8d-ba6979999e9c-768x512.webp\" class=\"attachment-medium_large size-medium_large wp-image-10806\" alt=\"\" srcset=\"https:\/\/old.wycieczki-miastartours.com\/wp-content\/uploads\/2025\/01\/b5fe43a7-edd9-4c80-ae8d-ba6979999e9c-768x512.webp 768w, https:\/\/old.wycieczki-miastartours.com\/wp-content\/uploads\/2025\/01\/b5fe43a7-edd9-4c80-ae8d-ba6979999e9c.webp 600w\" sizes=\"(max-width: 768px) 100vw, 768px\" \/>\t\t\t\t\t\t\t\t\t\t\t\t\t\t\t<\/div>\n\t\t\t\t<\/div>\n\t\t\t\t<\/div>\n\t\t<div class=\"elementor-element elementor-element-2f8fe1f e-con-full e-flex e-con e-child\" data-id=\"2f8fe1f\" data-element_type=\"container\">\n\t\t\t\t<div class=\"elementor-element elementor-element-b9abb46 elementor-widget elementor-widget-image\" data-id=\"b9abb46\" data-element_type=\"widget\" data-widget_type=\"image.default\">\n\t\t\t\t<div class=\"elementor-widget-container\">\n\t\t\t\t\t\t\t\t\t\t\t\t\t\t\t\t<a href=\"https:\/\/old.wycieczki-miastartours.com\/marsa-alam-diving-trips\/\">\n\t\t\t\t\t\t\t<img loading=\"lazy\" decoding=\"async\" width=\"768\" height=\"512\" src=\"https:\/\/old.wycieczki-miastartours.com\/wp-content\/uploads\/2025\/01\/5e55c31c-9610-446b-8e2b-064c1015bad9-768x512.webp\" class=\"attachment-medium_large size-medium_large wp-image-10759\" alt=\"\" srcset=\"https:\/\/old.wycieczki-miastartours.com\/wp-content\/uploads\/2025\/01\/5e55c31c-9610-446b-8e2b-064c1015bad9-768x512.webp 768w, https:\/\/old.wycieczki-miastartours.com\/wp-content\/uploads\/2025\/01\/5e55c31c-9610-446b-8e2b-064c1015bad9.webp 600w\" sizes=\"(max-width: 768px) 100vw, 768px\" \/>\t\t\t\t\t\t\t\t<\/a>\n\t\t\t\t\t\t\t\t\t\t\t\t\t\t\t<\/div>\n\t\t\t\t<\/div>\n\t\t\t\t<div class=\"elementor-element elementor-element-18a6fb8 elementor-widget elementor-widget-heading\" data-id=\"18a6fb8\" data-element_type=\"widget\" data-widget_type=\"heading.default\">\n\t\t\t\t<div class=\"elementor-widget-container\">\n\t\t\t\t\t<h4 class=\"elementor-heading-title elementor-size-default\"><a href=\"https:\/\/old.wycieczki-miastartours.com\/marsa-alam-diving-trips\/\">Diving Trips &nbsp; &nbsp; &nbsp; &nbsp; &nbsp; &nbsp; &nbsp; &nbsp; Read More<\/a><\/h4>\t\t\t\t<\/div>\n\t\t\t\t<\/div>\n\t\t\t\t<\/div>\n\t\t\t\t<\/div>\n\t\t<div class=\"elementor-element elementor-element-947bbe8 e-con-full e-flex e-con e-child\" data-id=\"947bbe8\" data-element_type=\"container\">\n\t\t<div class=\"elementor-element elementor-element-57bbbf8 e-con-full e-flex e-con e-child\" data-id=\"57bbbf8\" data-element_type=\"container\">\n\t\t\t\t<\/div>\n\t\t<div class=\"elementor-element elementor-element-fb5b542 e-con-full e-flex e-con e-child\" data-id=\"fb5b542\" data-element_type=\"container\">\n\t\t\t\t<div class=\"elementor-element elementor-element-e4cae79 elementor-widget elementor-widget-image\" data-id=\"e4cae79\" data-element_type=\"widget\" data-widget_type=\"image.default\">\n\t\t\t\t<div class=\"elementor-widget-container\">\n\t\t\t\t\t\t\t\t\t\t\t\t\t\t\t<img loading=\"lazy\" decoding=\"async\" width=\"768\" height=\"512\" src=\"https:\/\/old.wycieczki-miastartours.com\/wp-content\/uploads\/2025\/01\/IMG-0519-768x512.webp\" class=\"attachment-medium_large size-medium_large wp-image-10556\" alt=\"\" srcset=\"https:\/\/old.wycieczki-miastartours.com\/wp-content\/uploads\/2025\/01\/IMG-0519-768x512.webp 768w, https:\/\/old.wycieczki-miastartours.com\/wp-content\/uploads\/2025\/01\/IMG-0519.webp 600w\" sizes=\"(max-width: 768px) 100vw, 768px\" \/>\t\t\t\t\t\t\t\t\t\t\t\t\t\t\t<\/div>\n\t\t\t\t<\/div>\n\t\t\t\t<div class=\"elementor-element elementor-element-d7cc0d2 elementor-widget elementor-widget-heading\" data-id=\"d7cc0d2\" data-element_type=\"widget\" data-widget_type=\"heading.default\">\n\t\t\t\t<div class=\"elementor-widget-container\">\n\t\t\t\t\t<h4 class=\"elementor-heading-title elementor-size-default\">Private Trips &nbsp; &nbsp; &nbsp; &nbsp; &nbsp; &nbsp; &nbsp; Read More<\/h4>\t\t\t\t<\/div>\n\t\t\t\t<\/div>\n\t\t\t\t<\/div>\n\t\t<div class=\"elementor-element elementor-element-3a256c1 e-con-full e-flex e-con e-child\" data-id=\"3a256c1\" data-element_type=\"container\">\n\t\t\t\t<\/div>\n\t\t<div class=\"elementor-element elementor-element-b9d645f e-con-full e-flex e-con e-child\" data-id=\"b9d645f\" data-element_type=\"container\">\n\t\t\t\t<\/div>\n\t\t<div class=\"elementor-element elementor-element-83c07db e-con-full e-flex e-con e-child\" data-id=\"83c07db\" data-element_type=\"container\">\n\t\t\t\t<\/div>\n\t\t<div class=\"elementor-element elementor-element-e80a9e8 e-con-full e-flex e-con e-child\" data-id=\"e80a9e8\" data-element_type=\"container\">\n\t\t\t\t<\/div>\n\t\t\t\t<\/div>\n\t\t\t\t\t<\/div>\n\t\t\t\t<\/div>\n\t\t\t\t<\/div>\n\t\t","protected":false},"excerpt":{"rendered":"<p>Marsa Alam Tours Wycieczki morskie &nbsp; &nbsp; &nbsp; &nbsp; &nbsp; &nbsp; &nbsp; Read More Wycieczki archeologiczne&nbsp; &nbsp; Read More Safari i quady, wycieczki konne i na wielb\u0142\u0105dach &nbsp; Read More Wycieczki rodzinne &nbsp; &nbsp; &nbsp; &nbsp; &nbsp; &nbsp; Read More Masa\u017c i Hammam &nbsp; &nbsp; &nbsp; &nbsp; &nbsp; Read More Wycieczki nurkowe &nbsp; &nbsp; &nbsp; [&hellip;]<\/p>\n","protected":false},"author":1,"featured_media":0,"parent":0,"menu_order":0,"comment_status":"closed","ping_status":"closed","template":"template-home.php","meta":{"footnotes":""},"class_list":["post-11440","page","type-page","status-publish","has-post-thumbnail","hentry"],"_links":{"self":[{"href":"https:\/\/old.wycieczki-miastartours.com\/pl\/wp-json\/wp\/v2\/pages\/11440","targetHints":{"allow":["GET"]}}],"collection":[{"href":"https:\/\/old.wycieczki-miastartours.com\/pl\/wp-json\/wp\/v2\/pages"}],"about":[{"href":"https:\/\/old.wycieczki-miastartours.com\/pl\/wp-json\/wp\/v2\/types\/page"}],"author":[{"embeddable":true,"href":"https:\/\/old.wycieczki-miastartours.com\/pl\/wp-json\/wp\/v2\/users\/1"}],"replies":[{"embeddable":true,"href":"https:\/\/old.wycieczki-miastartours.com\/pl\/wp-json\/wp\/v2\/comments?post=11440"}],"version-history":[{"count":4,"href":"https:\/\/old.wycieczki-miastartours.com\/pl\/wp-json\/wp\/v2\/pages\/11440\/revisions"}],"predecessor-version":[{"id":11444,"href":"https:\/\/old.wycieczki-miastartours.com\/pl\/wp-json\/wp\/v2\/pages\/11440\/revisions\/11444"}],"wp:attachment":[{"href":"https:\/\/old.wycieczki-miastartours.com\/pl\/wp-json\/wp\/v2\/media?parent=11440"}],"curies":[{"name":"wp","href":"https:\/\/api.w.org\/{rel}","templated":true}]}}